{"id":1346,"date":"2021-02-27T16:29:27","date_gmt":"2021-02-27T15:29:27","guid":{"rendered":"https:\/\/mentecorpo.eu\/mind\/?page_id=1346"},"modified":"2025-01-29T12:57:45","modified_gmt":"2025-01-29T11:57:45","slug":"il-fuoco-senza-ceneri","status":"publish","type":"page","link":"https:\/\/mentecorpo.eu\/mind\/libri\/il-fuoco-senza-ceneri\/","title":{"rendered":"Il Fuoco senza Ceneri"},"content":{"rendered":"<h3><strong>Antidoti alle conseguenze degli abusi sessuali<br \/>\n<\/strong><\/h3>\n<p>Questo libro si rivolge a tutte le donne e, in minor misura agli uomini, che hanno subito violenze sessuali nel corso della loro infanzia o adolescenza e che sono oggi prigionieri di quei ricordi e delle emozioni che vi si associano. Per queste persone la vita \u00e8 spesso un carcere pi\u00f9 severo di quelli reali. Shana Persia \u00e8 una di queste vittime innocenti, ma \u00e8 anche una donna che ha scoperto il modo di tornare libera e felice. I due autori affrontano assieme questo tema scottante per estendere ad altri la stessa ricetta. In questo viaggio di trasformazione verranno forniti gli strumenti teorici e soprattutto pratici per ricominciare a vivere e spezzare le catene del tormentato passato.<\/p>\n<p><strong><a href=\"https:\/\/mentecorpo.eu\/mind\/wp-content\/uploads\/2021\/02\/Copertina-libro.jpg\"><img loading=\"lazy\" decoding=\"async\" class=\"alignright wp-image-1347 \" src=\"https:\/\/mentecorpo.eu\/mind\/wp-content\/uploads\/2021\/02\/Copertina-libro.jpg\" alt=\"\" width=\"332\" height=\"489\" srcset=\"https:\/\/mentecorpo.eu\/mind\/wp-content\/uploads\/2021\/02\/Copertina-libro.jpg 825w, https:\/\/mentecorpo.eu\/mind\/wp-content\/uploads\/2021\/02\/Copertina-libro-204x300.jpg 204w, https:\/\/mentecorpo.eu\/mind\/wp-content\/uploads\/2021\/02\/Copertina-libro-695x1024.jpg 695w, https:\/\/mentecorpo.eu\/mind\/wp-content\/uploads\/2021\/02\/Copertina-libro-768x1132.jpg 768w, https:\/\/mentecorpo.eu\/mind\/wp-content\/uploads\/2021\/02\/Copertina-libro-649x957.jpg 649w\" sizes=\"auto, (max-width: 332px) 100vw, 332px\" \/><\/a>Caratteristiche libro<\/strong><br \/>\nIl libro ha le seguenti caratteristiche:<\/p>\n<p>Altezza: 21 cm<\/p>\n<p>Larghezza: 15 cm<\/p>\n<p>Pagine: 210<\/p>\n<p>Rilegatura: brossura fresata<\/p>\n<p>Copertina: quadricromia plastificata opaca<\/p>\n<p><strong>Prezzo<\/strong><br \/>\nPrezzo di copertina: \u20ac 16,00.<br \/>\nIl pagamento pu\u00f2 essere effettuato con Paypal o carta di credito.<br \/>\nPer ordinare il libro al momento \u00e8 sufficiente pagare e mandare una email con tutti i dati per la spedizione.<\/p>\n<hr \/>\n<h3 style=\"text-align: center;\"><a href=\"https:\/\/mentecorpo.eu\/mind\/libri\/la-migliore-versione-di-te-stesso\/\" target=\"_blank\" rel=\"noopener\"><img loading=\"lazy\" decoding=\"async\" class=\"wp-image-1044 alignleft\" src=\"https:\/\/mentecorpo.eu\/mind\/wp-content\/uploads\/2019\/10\/FRontespizio-la-migliore-versione-piccolo.jpg\" alt=\"\" width=\"167\" height=\"225\" srcset=\"https:\/\/mentecorpo.eu\/mind\/wp-content\/uploads\/2019\/10\/FRontespizio-la-migliore-versione-piccolo.jpg 451w, https:\/\/mentecorpo.eu\/mind\/wp-content\/uploads\/2019\/10\/FRontespizio-la-migliore-versione-piccolo-223x300.jpg 223w\" sizes=\"auto, (max-width: 167px) 100vw, 167px\" \/><\/a>Si suggerisce anche il seguente testo ad alto impatto trasformazionale per la tua crescita personale: <strong><span style=\"color: #993300;\">La migliore versione di te stesso.<\/span> <\/strong><\/h3>\n<h3 style=\"text-align: center;\"><strong>Se lo prendi assieme puoi aver uno sconto del 10 % su entrambi i libri con la spedizione gratuita.<\/strong><\/h3>\n<hr \/>\n<p><span style=\"color: #ff0000;\"><strong>Fatturazione: i<\/strong><strong> dati devono includere: nome e cognome &#8211; Indirizzo completo e codice fiscale dell&#8217;acquirente.<\/strong><\/span><\/p>\n<p>A conferma del pagamento e a ricevimento dei dati di fatturazione, il libro verr\u00e0 spedito. Comunicare i dati di fatturazione a info@mentecorpo.eu<\/p>\n<hr \/>\n<h3 style=\"text-align: center;\"><span style=\"color: #0000ff;\"><strong>\u00a0 \u20ac 16,00 + \u20ac 3,00 per spedizione<\/strong><\/span><\/h3>\n<h4><a href=\"https:\/\/mentecorpo.eu\/mind\/wp-content\/uploads\/2021\/03\/pulsante-acquista.jpg\"><img loading=\"lazy\" decoding=\"async\" class=\"aligncenter  wp-image-1357\" src=\"https:\/\/mentecorpo.eu\/mind\/wp-content\/uploads\/2021\/03\/pulsante-acquista.jpg\" alt=\"\" width=\"379\" height=\"66\" srcset=\"https:\/\/mentecorpo.eu\/mind\/wp-content\/uploads\/2021\/03\/pulsante-acquista.jpg 901w, https:\/\/mentecorpo.eu\/mind\/wp-content\/uploads\/2021\/03\/pulsante-acquista-300x52.jpg 300w, https:\/\/mentecorpo.eu\/mind\/wp-content\/uploads\/2021\/03\/pulsante-acquista-768x134.jpg 768w, https:\/\/mentecorpo.eu\/mind\/wp-content\/uploads\/2021\/03\/pulsante-acquista-649x113.jpg 649w\" sizes=\"auto, (max-width: 379px) 100vw, 379px\" \/><\/a><\/h4>\n<div style=\"margin-top:0px;padding:0;text-align:center;\"><form action=\"https:\/\/www.paypal.com\/cgi-bin\/webscr\" method=\"post\" target=\"_top\"><input type=\"hidden\" name=\"cmd\" value=\"_xclick\"><input type=\"hidden\" name=\"business\" value=\"info@strategiedellamente.it\"><input type=\"hidden\" name=\"lc\" value=\"IT\"><input type=\"hidden\" name=\"item_name\" value=\"IL FUOCO SENZA CENERI\"><input type=\"hidden\" name=\"item_number\" value=\"001\"><input type=\"hidden\" name=\"amount\" value=\"19\"><input type=\"hidden\" name=\"shipping\" value=\"0\"><input type=\"hidden\" name=\"currency_code\" value=\"EUR\"><input type=\"hidden\" name=\"button_subtype\" value=\"services\"><input type=\"hidden\" name=\"no_note\" value=\"0\"><input type=\"hidden\" name=\"bn\" value=\"PP-BuyNowBF:acquista.jpg:NonHostedGuest\"><input type=\"hidden\" name=\"return\" value=\"https:\/\/mentecorpo.eu\/mind\/grazie-dellacquisto\/\" \/><input type=\"image\" src=\"http:\/\/mentecorpo.eu\/mind\/wp-content\/uploads\/2015\/08\/acquista.jpg\" border=\"0\" name=\"submit\" alt=\"PayPal \u00e8 il metodo rapido e sicuro per pagare e farsi pagare online.\"><img loading=\"lazy\" decoding=\"async\" alt=\"\" border=\"0\" src=\"https:\/\/www.paypalobjects.com\/it_IT\/i\/scr\/pixel.gif\" width=\"1\" height=\"1\"><\/form><\/div>\n<p><span style=\"color: #ffffff;\">\u00a0.<\/span><\/p>\n<h3 style=\"text-align: center;\"><span style=\"color: #0000ff;\"><strong>\u00a0 \u20ac 30,00\u00a0 spedizione GRATUITA<\/strong><\/span><\/h3>\n<h4 style=\"text-align: center;\"><a href=\"https:\/\/mentecorpo.eu\/mind\/wp-content\/uploads\/2021\/03\/pulsante-acquista-2-libri.jpg\"><img loading=\"lazy\" decoding=\"async\" class=\"aligncenter  wp-image-1358\" src=\"https:\/\/mentecorpo.eu\/mind\/wp-content\/uploads\/2021\/03\/pulsante-acquista-2-libri.jpg\" alt=\"\" width=\"407\" height=\"80\" srcset=\"https:\/\/mentecorpo.eu\/mind\/wp-content\/uploads\/2021\/03\/pulsante-acquista-2-libri.jpg 899w, https:\/\/mentecorpo.eu\/mind\/wp-content\/uploads\/2021\/03\/pulsante-acquista-2-libri-300x59.jpg 300w, https:\/\/mentecorpo.eu\/mind\/wp-content\/uploads\/2021\/03\/pulsante-acquista-2-libri-768x150.jpg 768w, https:\/\/mentecorpo.eu\/mind\/wp-content\/uploads\/2021\/03\/pulsante-acquista-2-libri-649x127.jpg 649w\" sizes=\"auto, (max-width: 407px) 100vw, 407px\" \/><\/a><\/h4>\n<div style=\"margin-top:0px;padding:0;text-align:center;\"><form action=\"https:\/\/www.paypal.com\/cgi-bin\/webscr\" method=\"post\" target=\"_top\"><input type=\"hidden\" name=\"cmd\" value=\"_xclick\"><input type=\"hidden\" name=\"business\" value=\"info@strategiedellamente.it\"><input type=\"hidden\" name=\"lc\" value=\"IT\"><input type=\"hidden\" name=\"item_name\" value=\"LA MIGLIORE VERSIONE e FUOCO SENZA CENERI\"><input type=\"hidden\" name=\"item_number\" value=\"001\"><input type=\"hidden\" name=\"amount\" value=\"32\"><input type=\"hidden\" name=\"shipping\" value=\"0\"><input type=\"hidden\" name=\"currency_code\" value=\"EUR\"><input type=\"hidden\" name=\"button_subtype\" value=\"services\"><input type=\"hidden\" name=\"no_note\" value=\"0\"><input type=\"hidden\" name=\"bn\" value=\"PP-BuyNowBF:acquista.jpg:NonHostedGuest\"><input type=\"hidden\" name=\"return\" value=\"https:\/\/mentecorpo.eu\/mind\/grazie-dellacquisto\/\" \/><input type=\"image\" src=\"http:\/\/mentecorpo.eu\/mind\/wp-content\/uploads\/2015\/08\/acquista.jpg\" border=\"0\" name=\"submit\" alt=\"PayPal \u00e8 il metodo rapido e sicuro per pagare e farsi pagare online.\"><img loading=\"lazy\" decoding=\"async\" alt=\"\" border=\"0\" src=\"https:\/\/www.paypalobjects.com\/it_IT\/i\/scr\/pixel.gif\" width=\"1\" height=\"1\"><\/form><\/div>\n<p><span style=\"color: #ffffff;\">\u00a0.<\/span><\/p>\n<p style=\"text-align: center;\"><a href=\"https:\/\/mentecorpo.eu\/mind\/wp-content\/uploads\/2019\/10\/pulsante-shopping.jpg\"><img loading=\"lazy\" decoding=\"async\" class=\"aligncenter  wp-image-1060\" src=\"https:\/\/mentecorpo.eu\/mind\/wp-content\/uploads\/2019\/10\/pulsante-shopping.jpg\" alt=\"\" width=\"80\" height=\"80\" srcset=\"https:\/\/mentecorpo.eu\/mind\/wp-content\/uploads\/2019\/10\/pulsante-shopping.jpg 209w, https:\/\/mentecorpo.eu\/mind\/wp-content\/uploads\/2019\/10\/pulsante-shopping-150x150.jpg 150w, https:\/\/mentecorpo.eu\/mind\/wp-content\/uploads\/2019\/10\/pulsante-shopping-100x100.jpg 100w\" sizes=\"auto, (max-width: 80px) 100vw, 80px\" \/><\/a><\/p>\n<p><span style=\"color: #ffffff;\">.<\/span><\/p>\n","protected":false},"excerpt":{"rendered":"<p>Antidoti alle conseguenze degli abusi sessuali Questo libro si rivolge a tutte le donne e, in minor misura agli uomini, che hanno subito violenze sessuali nel corso della loro infanzia o adolescenza e che sono oggi prigionieri di quei ricordi e delle emozioni che vi si associano. Per queste persone la vita \u00e8 spesso un [&hellip;]<\/p>\n","protected":false},"author":2,"featured_media":1348,"parent":39,"menu_order":0,"comment_status":"closed","ping_status":"open","template":"","meta":{"footnotes":""},"class_list":["post-1346","page","type-page","status-publish","has-post-thumbnail","hentry"],"_links":{"self":[{"href":"https:\/\/mentecorpo.eu\/mind\/wp-json\/wp\/v2\/pages\/1346","targetHints":{"allow":["GET"]}}],"collection":[{"href":"https:\/\/mentecorpo.eu\/mind\/wp-json\/wp\/v2\/pages"}],"about":[{"href":"https:\/\/mentecorpo.eu\/mind\/wp-json\/wp\/v2\/types\/page"}],"author":[{"embeddable":true,"href":"https:\/\/mentecorpo.eu\/mind\/wp-json\/wp\/v2\/users\/2"}],"replies":[{"embeddable":true,"href":"https:\/\/mentecorpo.eu\/mind\/wp-json\/wp\/v2\/comments?post=1346"}],"version-history":[{"count":6,"href":"https:\/\/mentecorpo.eu\/mind\/wp-json\/wp\/v2\/pages\/1346\/revisions"}],"predecessor-version":[{"id":1607,"href":"https:\/\/mentecorpo.eu\/mind\/wp-json\/wp\/v2\/pages\/1346\/revisions\/1607"}],"up":[{"embeddable":true,"href":"https:\/\/mentecorpo.eu\/mind\/wp-json\/wp\/v2\/pages\/39"}],"wp:featuredmedia":[{"embeddable":true,"href":"https:\/\/mentecorpo.eu\/mind\/wp-json\/wp\/v2\/media\/1348"}],"wp:attachment":[{"href":"https:\/\/mentecorpo.eu\/mind\/wp-json\/wp\/v2\/media?parent=1346"}],"curies":[{"name":"wp","href":"https:\/\/api.w.org\/{rel}","templated":true}]}}