{"id":522,"date":"2018-10-20T15:48:03","date_gmt":"2018-10-20T13:48:03","guid":{"rendered":"http:\/\/mentecorpo.eu\/mind\/?page_id=522"},"modified":"2022-11-06T19:14:00","modified_gmt":"2022-11-06T18:14:00","slug":"corso-riassetto-artro-tendino-muscolare-osteopatia-tiraossi-chiropratica-mentecorpo-florian-cortese","status":"publish","type":"page","link":"https:\/\/mentecorpo.eu\/mind\/corsi\/corso-riassetto-artro-tendino-muscolare-osteopatia-tiraossi-chiropratica-mentecorpo-florian-cortese\/","title":{"rendered":"Riassetto artro-tendino muscolare."},"content":{"rendered":"<h2><strong>Di cosa si tratta?<br \/>\n<\/strong><\/h2>\n<p style=\"text-align: justify;\"><a href=\"http:\/\/mentecorpo.eu\/mind\/wp-content\/uploads\/2016\/10\/tiraossi-riassetto-tendino-muscolare-corso-mentecorpo-manipolazione-osteopatia-1.jpg\"><img loading=\"lazy\" decoding=\"async\" width=\"493\" height=\"286\" class=\"alignright size-full wp-image-527\" src=\"http:\/\/mentecorpo.eu\/mind\/wp-content\/uploads\/2016\/10\/tiraossi-riassetto-tendino-muscolare-corso-mentecorpo-manipolazione-osteopatia-1.jpg\" alt=\"tiraossi-riassetto-tendino-muscolare-corso-mentecorpo-manipolazione-osteopatia-1\" srcset=\"https:\/\/mentecorpo.eu\/mind\/wp-content\/uploads\/2016\/10\/tiraossi-riassetto-tendino-muscolare-corso-mentecorpo-manipolazione-osteopatia-1.jpg 493w, https:\/\/mentecorpo.eu\/mind\/wp-content\/uploads\/2016\/10\/tiraossi-riassetto-tendino-muscolare-corso-mentecorpo-manipolazione-osteopatia-1-300x174.jpg 300w\" sizes=\"auto, (max-width: 493px) 100vw, 493px\" \/><\/a>Quello che qui viene definito &#8220;<strong>Riassetto artro-tendino muscolare<\/strong>&#8221; (RATM) \u00e8 un&#8217;evoluzione di molte tecniche a mediazione corporea di origine per lo pi\u00f9 orientale. Il RATM non si sovrappone ad alcuna tecnica in ambito fisioterapico o chiropratico in quanto\u00a0 non persegue gli stessi obiettivi n\u00e9 si propone di curare.\u00a0 Le manovre non sono un atto medico n\u00e9 somigliano a quelle adottate da fisioterapisti o altri professionisti in ambito medico. Non vi sono perci\u00f2 sovrapposizioni o confusioni di competenze professionali. D&#8217;altra parte questa tecnica non si applica a problematiche in cui sussistono fratture, danni alle cartilagini, strappi o stiramenti muscolari.<\/p>\n<p style=\"text-align: justify;\"><a href=\"https:\/\/mentecorpo.eu\/mind\/wp-content\/uploads\/2020\/06\/maassaggio-thai-ratm.jpg\"><img loading=\"lazy\" decoding=\"async\" class=\"alignleft  wp-image-1231\" src=\"https:\/\/mentecorpo.eu\/mind\/wp-content\/uploads\/2020\/06\/maassaggio-thai-ratm.jpg\" alt=\"\" width=\"316\" height=\"223\" srcset=\"https:\/\/mentecorpo.eu\/mind\/wp-content\/uploads\/2020\/06\/maassaggio-thai-ratm.jpg 447w, https:\/\/mentecorpo.eu\/mind\/wp-content\/uploads\/2020\/06\/maassaggio-thai-ratm-300x211.jpg 300w\" sizes=\"auto, (max-width: 316px) 100vw, 316px\" \/><\/a>Laddove non sia possibile determinare l&#8217;eventuale problema ci si astiene da qualunque intervento rimandando ad indagini pi\u00f9 approfondite da parte del medico curante. L&#8217;intervento non invasivo opera essenzialmente su disturbi tendino-muscolari\u00a0 non degenerativi o patologici.\u00a0 Le tecniche adottate sono tratte da discipline quali il Tuin\u00e0, lo Shiatsu, la digitopressione orientale, i trigger point e approcci riflessologici allo scopo di fornire una maggior consapevolezza di alcune problematiche.<\/p>\n<h2><strong>Programma &#8211; 1\u00b0 Livello ( 1 giorno)<\/strong><\/h2>\n<h4><strong>In questo 1\u00b0 livello imparerai a comprendere i seguenti punti:<br \/>\n<\/strong><\/h4>\n<p style=\"text-align: justify;\">1. Distorsione alla caviglia e del piede.<br \/>\n2. Torcicollo.<br \/>\n3.\u00a0 Contratture trapezio.<br \/>\n4. Diolore alle mani.<br \/>\n5. Dolore spalla.<br \/>\n6. Dolore polsi.<br \/>\n7.\u00a0 Contratture schiena, pettorale e dentato.<\/p>\n<p style=\"text-align: justify;\">NOTA: dopo il corso, <strong>per chi lo desiderasse<\/strong>, verr\u00e0 data la possibilit\u00e0 di ampliare la conoscenza appresa con un secondo livello.<\/p>\n<h2><strong><a href=\"https:\/\/mentecorpo.eu\/mind\/wp-content\/uploads\/2018\/11\/livello-avanzato.jpg\"><img loading=\"lazy\" decoding=\"async\" class=\"alignleft wp-image-839\" src=\"https:\/\/mentecorpo.eu\/mind\/wp-content\/uploads\/2018\/11\/livello-avanzato.jpg\" alt=\"\" width=\"270\" height=\"152\" srcset=\"https:\/\/mentecorpo.eu\/mind\/wp-content\/uploads\/2018\/11\/livello-avanzato.jpg 1280w, https:\/\/mentecorpo.eu\/mind\/wp-content\/uploads\/2018\/11\/livello-avanzato-300x169.jpg 300w, https:\/\/mentecorpo.eu\/mind\/wp-content\/uploads\/2018\/11\/livello-avanzato-768x432.jpg 768w, https:\/\/mentecorpo.eu\/mind\/wp-content\/uploads\/2018\/11\/livello-avanzato-1024x576.jpg 1024w, https:\/\/mentecorpo.eu\/mind\/wp-content\/uploads\/2018\/11\/livello-avanzato-600x338.jpg 600w, https:\/\/mentecorpo.eu\/mind\/wp-content\/uploads\/2018\/11\/livello-avanzato-649x365.jpg 649w, https:\/\/mentecorpo.eu\/mind\/wp-content\/uploads\/2018\/11\/livello-avanzato-1100x619.jpg 1100w\" sizes=\"auto, (max-width: 270px) 100vw, 270px\" \/><\/a>Programma &#8211; 2\u00b0 Livello (1 giorno)<br \/>\n<\/strong><\/h2>\n<h4><strong>In questo 2\u00b0 livello imparerai a comprendere i seguenti punti:<br \/>\n<\/strong><\/h4>\n<p>1. Dolore braccio e avambraccio.<br \/>\n2. Cervicalgie e disturbi locali.<br \/>\n3. Dolore alla scapola.<br \/>\n4.\u00a0 Pubalgia (inguine) da spostamento tendineo.<br \/>\n5. Dolori gambe, gomiti e ginocchia.<br \/>\n6. TDolore lombare (colpo della strega).<br \/>\n7. Dolore pianta del piede.<\/p>\n<h2>A chi si rivolge<\/h2>\n<p style=\"text-align: justify;\">Bench\u00e9 non riservatoa personale in ambito medico, il riassetto artro-tendino muscolare \u00e8 adatto per coloro che gi\u00e0 praticano tecniche a mediazione corporea.<\/p>\n<p style=\"text-align: justify;\">NOTA: Questo corso non fornisce alcuna abilitazione medica, paramedica o quant&#8217;altro per l&#8217;uso della pratica terapeutica n\u00e9 sostituisce terapie mediche. La tecnica s&#8217;inserisce in un contesto formativo precedente come coadiuvante alla pratica professionale acquisita.<\/p>\n<h2>Corsi integrativi<\/h2>\n<p style=\"text-align: justify;\">Potrebbe risultare utile integrare il RATM con altre discipline formative allo scopo di operare con maggior competenza. La Scuola MenteCorpo mette a disposizione molteplici tecniche che possono ampiamente colmare questa esigenza. I diversi corsi possono avvalersi di insegnanti differenti qualificati per la tipologia del corso scelto: fisioterapisti, agopuntori, estetisti, medici ed esperti vari.<\/p>\n<h3>Questi corsi integrativi sono i seguenti:<\/h3>\n<ol>\n<li><a href=\"http:\/\/mentecorpo.eu\/mind\/corsi\/epistemologia-delle-medicine-medicine-a-confronto-florian-cortese\/\" target=\"_blank\" rel=\"noopener noreferrer\">Epistemologie delle medicine<\/a><\/li>\n<li><a href=\"http:\/\/mentecorpo.eu\/mind\/corsi\/linfodrenaggio\/\" target=\"_blank\" rel=\"noopener noreferrer\">Linfodrenaggio<\/a><\/li>\n<li><a href=\"http:\/\/mentecorpo.eu\/mind\/corsi\/miofasciale-massaggio-rilassante-antistress\/\" target=\"_blank\" rel=\"noopener noreferrer\">Massaggio Miofasciale<\/a><\/li>\n<li><a href=\"https:\/\/mentecorpo.eu\/mind\/corsi\/moxa-digitopressione-medicina-cinese\/\" target=\"_blank\" rel=\"noopener noreferrer\">Corso di Moxa<\/a><\/li>\n<li><a href=\"https:\/\/mentecorpo.eu\/mind\/corsi\/relaxing-massaggio-rilassante-antistress-relax-estetico-sonno-profondo-delta-mentecorpo-2\/\" target=\"_blank\" rel=\"noopener noreferrer\">Massaggio anticellulite<\/a><\/li>\n<li><a href=\"http:\/\/mentecorpo.eu\/mind\/corsi\/corso-digitopressione-agopuntura-manuale-florian-cortese-eliminare-dolore-con-pressione-delle-dita\/\" target=\"_blank\" rel=\"noopener noreferrer\">Digitopressione<\/a><\/li>\n<li><a href=\"http:\/\/mentecorpo.eu\/mind\/corsi\/riflessologia-plantare\/\" target=\"_blank\" rel=\"noopener noreferrer\">Riflessologia plantare<\/a><\/li>\n<li><a href=\"http:\/\/www.strategiedellamente.it\/linguaggio-della-malattia-psicosomatica-analogica-medicina-psicologia-tradizionale-cinese\/\" target=\"_blank\" rel=\"noopener noreferrer\">Psicosomatica<\/a><\/li>\n<li><a href=\"http:\/\/www.strategiedellamente.it\/comunicazione-vincente\/\">Comunicazione efficace <\/a><\/li>\n<li><a href=\"http:\/\/www.strategiedellamente.it\/intelligenza-emotiva\/\" target=\"_blank\" rel=\"noopener noreferrer\">Intelligenza emotiva<\/a><\/li>\n<li><a href=\"http:\/\/mentecorpo.eu\/mind\/corsi\/massaggio-sportivo-trattamenti-per-atleti-pre-e-post-attivita\/\" target=\"_blank\" rel=\"noopener noreferrer\">Massaggio sportivo<\/a><\/li>\n<li><a href=\"http:\/\/www.strategiedellamente.it\/strategie-per-crescere-i-figli-dvd\/\" target=\"_blank\" rel=\"noopener noreferrer\">Strategie per Genitori<\/a><\/li>\n<li><a href=\"http:\/\/mentecorpo.eu\/mind\/corsi\/autogestione-salute-idroterapia-cataplasma-impacchi-kneip-costacurta-tecniche-naturali-argilla-pediluvi\/\" target=\"_blank\" rel=\"noopener noreferrer\">Autogestione della salute con le tecniche naturali<\/a><\/li>\n<\/ol>\n<a class=\"cubik\" href=\"\/mind\/eventi\/\"><div><span class=\"titolone\">Date del corso<\/span><br \/><span class=\"sottotitolo\">Scopri le date del corso e di tutti i nostri eventi<\/span><\/div><\/a>\n<h2 style=\"text-align: center;\"><span style=\"color: #800000;\">Video della Scuola MenteCorpo<\/span><\/h2>\n<h2><a href=\"https:\/\/www.youtube.com\/watch?v=hLUe1bZFUvk&amp;t=127s\" target=\"_blank\" rel=\"noopener noreferrer\"><img loading=\"lazy\" decoding=\"async\" class=\"aligncenter wp-image-810\" src=\"https:\/\/mentecorpo.eu\/mind\/wp-content\/uploads\/2018\/09\/scuola-mentecorpo-45-k.jpg\" alt=\"\" width=\"392\" height=\"232\" srcset=\"https:\/\/mentecorpo.eu\/mind\/wp-content\/uploads\/2018\/09\/scuola-mentecorpo-45-k.jpg 554w, https:\/\/mentecorpo.eu\/mind\/wp-content\/uploads\/2018\/09\/scuola-mentecorpo-45-k-300x178.jpg 300w\" sizes=\"auto, (max-width: 392px) 100vw, 392px\" \/><\/a><\/h2>\n<p><span style=\"color: #ff0000;\"><strong>ATTENZIONE: <span style=\"color: #000000;\">POSTI LIMITATI!<\/span> <\/strong><\/span>Indipendentemente dalla data di iscrizione, una volta raggiunto il numero massimo di partecipanti consentito non sar\u00e0 pi\u00f9 possibile iscriversi. Quindi affrettatevi!<\/p>\n<h2><\/h2>\n<h2><strong>Il Corso &#8211; Iscrizione &#8211; Disdetta e Penale<\/strong><\/h2>\n<p>Chi si iscrive pu\u00f2 rinunciare alla propria partecipazione fino a 10 giorni prima dell&#8217;inizio del corso. Passato il suddetto termine, l&#8217;iscritto deve corrispondere una penale pari a 70 euro. La penale non deve essere corrisposta se vi \u00e8 un sostituto.<\/p>\n<a class=\"cubik\" href=\"\/mind\/eventi\/\"><div><span class=\"titolone\">Date del corso<\/span><br \/><span class=\"sottotitolo\">Scopri le date del corso e di tutti i nostri eventi<\/span><\/div><\/a>\n<p><a href=\"http:\/\/mentecorpo.eu\/mind\/wp-content\/uploads\/2016\/10\/tiraossi-riassetto-tendino-muscolare-corso-mentecorpo-manipolazione-osteopatia-3.jpg\"><img decoding=\"async\" class=\"aligncenter size-full wp-image-530\" src=\"http:\/\/mentecorpo.eu\/mind\/wp-content\/uploads\/2016\/10\/tiraossi-riassetto-tendino-muscolare-corso-mentecorpo-manipolazione-osteopatia-3.jpg\" alt=\"tiraossi-riassetto-tendino-muscolare-corso-mentecorpo-manipolazione-osteopatia-3\" \/><\/a><\/p>\n<h3><\/h3>\n<h3><strong>Ci trovi anche su<\/strong> <a href=\"https:\/\/www.facebook.com\/mentecorposhiatsu\" target=\"_blank\" rel=\"noopener noreferrer\"><img loading=\"lazy\" decoding=\"async\" class=\" wp-image-296 alignnone\" src=\"http:\/\/mentecorpo.eu\/mind\/wp-content\/uploads\/2015\/07\/logo-facebook-logo.jpg\" alt=\"logo facebook-logo\" width=\"89\" height=\"30\" srcset=\"https:\/\/mentecorpo.eu\/mind\/wp-content\/uploads\/2015\/07\/logo-facebook-logo.jpg 550w, https:\/\/mentecorpo.eu\/mind\/wp-content\/uploads\/2015\/07\/logo-facebook-logo-300x101.jpg 300w\" sizes=\"auto, (max-width: 89px) 100vw, 89px\" \/><\/a><\/h3>\n","protected":false},"excerpt":{"rendered":"<p>Di cosa si tratta? Quello che qui viene definito &#8220;Riassetto artro-tendino muscolare&#8221; (RATM) \u00e8 un&#8217;evoluzione di molte tecniche a mediazione corporea di origine per lo pi\u00f9 orientale. Il RATM non si sovrappone ad alcuna tecnica in ambito fisioterapico o chiropratico in quanto\u00a0 non persegue gli stessi obiettivi n\u00e9 si propone di curare.\u00a0 Le manovre non [&hellip;]<\/p>\n","protected":false},"author":2,"featured_media":1231,"parent":19,"menu_order":3,"comment_status":"open","ping_status":"open","template":"","meta":{"footnotes":""},"class_list":["post-522","page","type-page","status-publish","has-post-thumbnail","hentry"],"_links":{"self":[{"href":"https:\/\/mentecorpo.eu\/mind\/wp-json\/wp\/v2\/pages\/522","targetHints":{"allow":["GET"]}}],"collection":[{"href":"https:\/\/mentecorpo.eu\/mind\/wp-json\/wp\/v2\/pages"}],"about":[{"href":"https:\/\/mentecorpo.eu\/mind\/wp-json\/wp\/v2\/types\/page"}],"author":[{"embeddable":true,"href":"https:\/\/mentecorpo.eu\/mind\/wp-json\/wp\/v2\/users\/2"}],"replies":[{"embeddable":true,"href":"https:\/\/mentecorpo.eu\/mind\/wp-json\/wp\/v2\/comments?post=522"}],"version-history":[{"count":44,"href":"https:\/\/mentecorpo.eu\/mind\/wp-json\/wp\/v2\/pages\/522\/revisions"}],"predecessor-version":[{"id":1518,"href":"https:\/\/mentecorpo.eu\/mind\/wp-json\/wp\/v2\/pages\/522\/revisions\/1518"}],"up":[{"embeddable":true,"href":"https:\/\/mentecorpo.eu\/mind\/wp-json\/wp\/v2\/pages\/19"}],"wp:featuredmedia":[{"embeddable":true,"href":"https:\/\/mentecorpo.eu\/mind\/wp-json\/wp\/v2\/media\/1231"}],"wp:attachment":[{"href":"https:\/\/mentecorpo.eu\/mind\/wp-json\/wp\/v2\/media?parent=522"}],"curies":[{"name":"wp","href":"https:\/\/api.w.org\/{rel}","templated":true}]}}