{"id":539,"date":"2018-01-02T14:16:13","date_gmt":"2018-01-02T13:16:13","guid":{"rendered":"http:\/\/mentecorpo.eu\/mind\/?page_id=539"},"modified":"2021-09-22T21:04:21","modified_gmt":"2021-09-22T19:04:21","slug":"corso-digitopressione-agopuntura-manuale-florian-cortese-eliminare-dolore-con-pressione-delle-dita","status":"publish","type":"page","link":"https:\/\/mentecorpo.eu\/mind\/corsi\/corso-digitopressione-agopuntura-manuale-florian-cortese-eliminare-dolore-con-pressione-delle-dita\/","title":{"rendered":"Digitopressione per eliminare i dolori"},"content":{"rendered":"<h2><strong>Di cosa si tratta?<br \/>\n<\/strong><\/h2>\n<p style=\"text-align: justify;\"><a href=\"https:\/\/mentecorpo.eu\/mind\/libri\/\" target=\"_blank\" rel=\"noopener\"><img loading=\"lazy\" decoding=\"async\" class=\"wp-image-1089 alignleft\" src=\"https:\/\/mentecorpo.eu\/mind\/wp-content\/uploads\/2019\/10\/Copertina-sito-digitopressione.jpg\" alt=\"\" width=\"411\" height=\"228\" srcset=\"https:\/\/mentecorpo.eu\/mind\/wp-content\/uploads\/2019\/10\/Copertina-sito-digitopressione.jpg 538w, https:\/\/mentecorpo.eu\/mind\/wp-content\/uploads\/2019\/10\/Copertina-sito-digitopressione-300x167.jpg 300w\" sizes=\"auto, (max-width: 411px) 100vw, 411px\" \/><\/a>La digitopressione \u00e8 a tutti glie effetti un agopuntura manuale, ovvero un metodo che utilizza le dita in sostituzione dell&#8217;ago. I punti a cui fa riferimento questa tecnica sono perci\u00f2 gli stessi che si stimolano in agopuntura. La differenza sostanziale \u00e8 che questo corso mira alla conoscenza dei punti utili all&#8217;eliminazione del dolore e non alla modificazione del quadro patologico. E&#8217; dunque un corso adatto per chi desidera avere una tecnica di emergenza per combattere svariati tipi di dolori e disagi. Se si conoscono i punti giusti gli antidolorifici non servono pi\u00f9.<\/p>\n<p style=\"text-align: justify;\">La digitopressione \u00e8 utilizzabile su se stessi e su altri.<\/p>\n<h2><strong>Programma &#8211; 1\u00b0 parte<br \/>\n<\/strong><\/h2>\n<p>Il corso di un giorno \u00e8 sufficiente per imparare le tecniche pi\u00f9 efficaci per trattare i pi\u00f9 comuni disturbi che si incontrano.<\/p>\n<h4><strong>In questa giornata imparerai<br \/>\n<\/strong><\/h4>\n<p>1. Analisi anatomiche dei punti per trattare alcune problematiche.<br \/>\n2. Tecnica di utilizzo della digitopressione.<br \/>\n3. Studio dell&#8217;anatomia per la collocazione dei punti Tsubo.<br \/>\n4. Ragioni tecniche per la preferenza degli Tsubo.<br \/>\n5. Pratica a coppie e a gruppo.<\/p>\n<p style=\"text-align: justify;\">NOTA: dopo il corso, <strong>per chi lo desiderasse<\/strong>, verr\u00e0 data la possibilit\u00e0 di ampliare la conoscenza appresa con un secondo corso di approfondimento.<\/p>\n<h2>A chi si rivolge<\/h2>\n<p style=\"text-align: justify;\">Questo corso non richiede alcuna conoscenza pregressa nelle tecniche di massaggio o di agopuntura. Tuttavia, bench\u00e9 utile per un fine privato, la digitopressione risulta oltremodo arricchente sul piano professionale per chi gi\u00e0 pratica qualche disciplina a mediazione corporea: osteopati, agopuntori, chiropratici, riflessologi, operatori shiatsu, operatori tuin\u00e0.<\/p>\n<p style=\"text-align: justify;\">NOTA: Questo corso non fornisce alcuna abilitazione medica, paramedica o quant&#8217;altro per l&#8217;uso della pratica terapeutica n\u00e9 sostituisce terapie mediche. La tecnica s&#8217;inserisce in un contesto formativo precedente come coadiuvante alla pratica professionale acquisita.<\/p>\n<h2>Corsi integrativi<\/h2>\n<ol>\n<li><a href=\"http:\/\/mentecorpo.eu\/mind\/corsi\/epistemologia-delle-medicine-medicine-a-confronto-florian-cortese\/\">Epistemologie delle medicine <\/a><\/li>\n<li><a href=\"http:\/\/mentecorpo.eu\/mind\/corsi\/linfodrenaggio\/\">Linfodrenaggio <\/a><\/li>\n<li><a href=\"http:\/\/mentecorpo.eu\/mind\/corsi\/miofasciale-massaggio-rilassante-antistress\/\">Massaggio Miofasciale <\/a><\/li>\n<li><a href=\"http:\/\/mentecorpo.eu\/mind\/corsi\/corso-riassetto-artro-tendino-muscolare-osteopatia-tiraossi-chiropratica-mentecorpo-florian-cortese\/\">RATM (Riassetto artro tendino muscolare <\/a><\/li>\n<li><a href=\"http:\/\/mentecorpo.eu\/mind\/corsi\/corso-digitopressione-agopuntura-manuale-florian-cortese-eliminare-dolore-con-pressione-delle-dita\/\">Digitopressione <\/a><\/li>\n<li><a href=\"http:\/\/mentecorpo.eu\/mind\/corsi\/riflessologia-plantare\/\">Riflessologia plantare <\/a><\/li>\n<li><a href=\"http:\/\/www.strategiedellamente.it\/linguaggio-della-malattia-psicosomatica-analogica-medicina-psicologia-tradizionale-cinese\/\">Linguaggio della malattia <\/a><\/li>\n<li><a href=\"http:\/\/www.strategiedellamente.it\/linguaggio-del-corpo-comunicazione-non-verbale-mentalismo-florian-cortese\/\">Linguaggio del corpo <\/a><\/li>\n<li><a href=\"http:\/\/www.strategiedellamente.it\/comunicazione-vincente\/\">Comunicazione efficace <\/a><\/li>\n<li><a href=\"http:\/\/www.strategiedellamente.it\/intelligenza-emotiva\/\">Intelligenza emotiva<\/a><\/li>\n<li><a href=\"http:\/\/mentecorpo.eu\/mind\/corsi\/massaggio-sportivo-trattamenti-per-atleti-pre-e-post-attivita\/\">Massaggio sportivo<\/a><\/li>\n<li><a href=\"http:\/\/mentecorpo.eu\/mind\/corsi\/formazione-a-tema-massaggio-del-bambino-tuina-shiatsu\/\">Massaggio del bambino<\/a><\/li>\n<li><a href=\"http:\/\/www.strategiedellamente.it\/strategie-per-crescere-i-figli-dvd\/\">Strategie per Genitori<\/a><\/li>\n<li><a href=\"http:\/\/mentecorpo.eu\/mind\/corsi\/autogestione-salute-idroterapia-cataplasma-impacchi-kneip-costacurta-tecniche-naturali-argilla-pediluvi\/\">Autogestione della salute con le tecniche naturali<\/a><\/li>\n<\/ol>\n<a class=\"cubik\" href=\"\/mind\/eventi\/\"><div><span class=\"titolone\">Date del corso<\/span><br \/><span class=\"sottotitolo\">Scopri le date del corso e di tutti i nostri eventi<\/span><\/div><\/a>\n<h2><\/h2>\n<h2><strong>Costi e sconti<br \/>\n<\/strong><\/h2>\n<p>Il corso ha i seguenti costi:<\/p>\n<p style=\"text-align: justify;\"><strong>120 euro<\/strong> a persona.<\/p>\n<p style=\"text-align: justify;\"><span style=\"color: #ff0000;\"><strong>ATTENZIONE PENALE: <span style=\"color: #000000;\">POSTI LIMITATI!<\/span> <\/strong><\/span><strong>L<\/strong>&#8216;iscritto pu\u00f2 disdire la propria partecipazione senza penale purch\u00e9 ci\u00f2 avvenga\u00a0 entro 10 giorno dall&#8217;inizio. Dopo la penale\u00a0 \u00e8 pari a 60,00 euro non riutilizzabile in altri eventi.<\/p>\n<h2><strong>Libro di supporto<br \/>\n<\/strong><\/h2>\n<p>Il libro di riferimento al corso \u00e8 &#8220;<strong>Digitopressione per tutti<\/strong>&#8221; di Florian Cortese che sar\u00e0 disponibile al corso per chi intende acquistarlo.<\/p>\n<p>Lo puoi trovare anche cliccando qui: <strong><a href=\"http:\/\/mentecorpo.eu\/mind\/libri\/digitopressione-per-tutti-medicina-cinese-florian-cortese-togliere-il-dolore-premendo-con-le-dita\/\">VEDI LIBRO<\/a><\/strong><\/p>\n<h2><strong>L&#8217;insegnante<\/strong><\/h2>\n<p>Il corso sar\u00e0 tenuto da <strong>Florian Cortese <\/strong>&#8211; Direttore didattico della Scuola MenteCorpo<strong>.<\/strong><\/p>\n<p>Per saperne di pi\u00f9 vai su &#8220;<strong><a href=\"http:\/\/mentecorpo.eu\/mind\/chi-siamo-florian-cortese\/\">Chi Siamo<\/a><\/strong>&#8220;.<\/p>\n<a class=\"cubik\" href=\"\/mind\/eventi\/\"><div><span class=\"titolone\">Date del corso<\/span><br \/><span class=\"sottotitolo\">Scopri le date del corso e di tutti i nostri eventi<\/span><\/div><\/a>\n<p>Per avere ulteriori informazioni esemplificative clicca qui: <a href=\"http:\/\/mentecorpo.eu\/mind\/digitopressione-per-il-mal-di-testa\/\"><strong>Digitopressione per il mal di testa<\/strong><\/a><\/p>\n<h3><strong>Ci trovi anche su<\/strong> <a href=\"https:\/\/www.facebook.com\/mentecorposhiatsu\" target=\"_blank\" rel=\"noopener noreferrer\"><img loading=\"lazy\" decoding=\"async\" class=\" wp-image-296 alignnone\" src=\"http:\/\/mentecorpo.eu\/mind\/wp-content\/uploads\/2015\/07\/logo-facebook-logo.jpg\" alt=\"logo facebook-logo\" width=\"89\" height=\"30\" srcset=\"https:\/\/mentecorpo.eu\/mind\/wp-content\/uploads\/2015\/07\/logo-facebook-logo.jpg 550w, https:\/\/mentecorpo.eu\/mind\/wp-content\/uploads\/2015\/07\/logo-facebook-logo-300x101.jpg 300w\" sizes=\"auto, (max-width: 89px) 100vw, 89px\" \/><\/a><\/h3>\n","protected":false},"excerpt":{"rendered":"<p>Di cosa si tratta? La digitopressione \u00e8 a tutti glie effetti un agopuntura manuale, ovvero un metodo che utilizza le dita in sostituzione dell&#8217;ago. I punti a cui fa riferimento questa tecnica sono perci\u00f2 gli stessi che si stimolano in agopuntura. La differenza sostanziale \u00e8 che questo corso mira alla conoscenza dei punti utili all&#8217;eliminazione [&hellip;]<\/p>\n","protected":false},"author":2,"featured_media":540,"parent":19,"menu_order":10,"comment_status":"open","ping_status":"open","template":"","meta":{"footnotes":""},"class_list":["post-539","page","type-page","status-publish","has-post-thumbnail","hentry"],"_links":{"self":[{"href":"https:\/\/mentecorpo.eu\/mind\/wp-json\/wp\/v2\/pages\/539","targetHints":{"allow":["GET"]}}],"collection":[{"href":"https:\/\/mentecorpo.eu\/mind\/wp-json\/wp\/v2\/pages"}],"about":[{"href":"https:\/\/mentecorpo.eu\/mind\/wp-json\/wp\/v2\/types\/page"}],"author":[{"embeddable":true,"href":"https:\/\/mentecorpo.eu\/mind\/wp-json\/wp\/v2\/users\/2"}],"replies":[{"embeddable":true,"href":"https:\/\/mentecorpo.eu\/mind\/wp-json\/wp\/v2\/comments?post=539"}],"version-history":[{"count":23,"href":"https:\/\/mentecorpo.eu\/mind\/wp-json\/wp\/v2\/pages\/539\/revisions"}],"predecessor-version":[{"id":1444,"href":"https:\/\/mentecorpo.eu\/mind\/wp-json\/wp\/v2\/pages\/539\/revisions\/1444"}],"up":[{"embeddable":true,"href":"https:\/\/mentecorpo.eu\/mind\/wp-json\/wp\/v2\/pages\/19"}],"wp:featuredmedia":[{"embeddable":true,"href":"https:\/\/mentecorpo.eu\/mind\/wp-json\/wp\/v2\/media\/540"}],"wp:attachment":[{"href":"https:\/\/mentecorpo.eu\/mind\/wp-json\/wp\/v2\/media?parent=539"}],"curies":[{"name":"wp","href":"https:\/\/api.w.org\/{rel}","templated":true}]}}