{"id":98,"date":"2024-03-29T13:51:00","date_gmt":"2024-03-29T12:51:00","guid":{"rendered":"http:\/\/mentecorpo.eu\/mind\/?page_id=98"},"modified":"2025-09-25T18:52:09","modified_gmt":"2025-09-25T16:52:09","slug":"riflessologia-plantare","status":"publish","type":"page","link":"https:\/\/mentecorpo.eu\/mind\/corsi\/riflessologia-plantare\/","title":{"rendered":"Riflessologia Plantare"},"content":{"rendered":"<h2><strong>Organizzazione didattica<br \/>\n<\/strong><\/h2>\n<p style=\"text-align: justify;\">La Scuola MenteCorpo adotta una didattica che si fonda su pi\u00f9 orizzonti teorici: quello classico, Fitzgerald (riflesso\/diretto) e altri basati sulla Medicina Tradizionale Cinese. Avere pi\u00f9 sistemi di interpretazione permette di ampliare la conoscenza e risolvere pi\u00f9 problemi essendo il Riflessologo in possesso di strategie operative con un maggior raggio di azione.<\/p>\n<p style=\"text-align: justify;\">In quest\u2019ottica le aree riflesse del piede nonch\u00e9 i segni che vi si collocano sopra (rughe, callosit\u00e0, secchezza, eccetera) non denunciano soltanto lo stato fisiologico degli organi, ma diventano potenti vettori di informazioni di ci\u00f2 che accade sia a livello fisico che energetico e psichico.<\/p>\n<p style=\"text-align: justify;\">Direttore didattico: Florian Cortese.<\/p>\n<h2><strong>Requisiti di Ammissione<\/strong><\/h2>\n<p>Il\u00a0<strong>Corso di Riflessologia Plantare<\/strong>\u00a0della\u00a0<strong>Scuola MenteCorpo <\/strong>\u00e8 aperto a tutti. Non sono richiesti titoli di studio delle Scuole superiori n\u00e9 \u00e8 necessario avere un&#8217;esperienza di base precedente.<\/p>\n<h2><strong>Strutturazione corso<\/strong><\/h2>\n<p>Attualmente questo corso si sviluppa in parte ONLINE (solo per argomenti teorici sviluppabili senza il contatto <em>diretto)<\/em> e in parte FRONTALE.\u00a0 Il Programma di <strong>Riflessologia Plantare<\/strong>\u00a0si sviluppa in <strong>7 weekend.\u00a0<\/strong><\/p>\n<p>Lo scopo \u00e8 acquisire una buona preparazione che renda autonomo lo studente all\u2019utilizzo della Riflessologia in termini professionali.<\/p>\n<p>Bench\u00e9 vi sia la tolleranza del 20% di assenze (ma senza ottenere sconti in caso di mancata partecipazione), si suggerisce ad ogni iscritto di non perdere un solo weekend in quanto le informazioni sono molto condensate.<\/p>\n<p>L\u2019attestato finale viene consegnato se lo studente adempie i seguenti punti:<\/p>\n<ul>\n<li>Avere superato con successo le verifiche teoriche e pratiche<\/li>\n<li>Non superare il tetto massimo di assenze di 1 \u00bd weekend.<\/li>\n<\/ul>\n<h2 style=\"text-align: justify;\"><span style=\"color: #ff0000;\">Programma di studio 7 weekend<br \/>\n<\/span><\/h2>\n<p><strong><a href=\"https:\/\/mentecorpo.eu\/mind\/wp-content\/uploads\/2024\/05\/Calendario.jpeg\"><img loading=\"lazy\" decoding=\"async\" class=\"alignleft  wp-image-1591\" src=\"https:\/\/mentecorpo.eu\/mind\/wp-content\/uploads\/2024\/05\/Calendario.jpeg\" alt=\"\" width=\"315\" height=\"236\" srcset=\"https:\/\/mentecorpo.eu\/mind\/wp-content\/uploads\/2024\/05\/Calendario.jpeg 1200w, https:\/\/mentecorpo.eu\/mind\/wp-content\/uploads\/2024\/05\/Calendario-300x225.jpeg 300w, https:\/\/mentecorpo.eu\/mind\/wp-content\/uploads\/2024\/05\/Calendario-1024x768.jpeg 1024w, https:\/\/mentecorpo.eu\/mind\/wp-content\/uploads\/2024\/05\/Calendario-768x576.jpeg 768w, https:\/\/mentecorpo.eu\/mind\/wp-content\/uploads\/2024\/05\/Calendario-649x487.jpeg 649w, https:\/\/mentecorpo.eu\/mind\/wp-content\/uploads\/2024\/05\/Calendario-1100x825.jpeg 1100w\" sizes=\"auto, (max-width: 315px) 100vw, 315px\" \/><\/a>Sabato:<\/strong> dalle 8.30 alle 12.00.<\/p>\n<p><strong>Domenica:<\/strong> dalle ore 8.30 alle 12.00 e dalle 13.15 alle 18.00.<\/p>\n<p>Il seguente programma nonch\u00e9 le date possono subire cambiamenti in base alle eventuali disposizioni restrittive sanitarie che dovessero emergere sull&#8217;utilizzo delle palestre.<\/p>\n<h2><strong><span style=\"color: #ff0000;\">Presentazione:<\/span> 25 settembre 2024 &#8211; ONLINE (ZOOM)<br \/>\n<\/strong><\/h2>\n<p>Partecipazione gratuita: \u00e8 necessario iscriversi poich\u00e9 viene fatta su ZOOM e servono le credenziali di accesso. Ore 20.30<\/p>\n<h3><strong><span style=\"color: #800000;\">1\u00b0 weekend: 11 e 12 0ttobre 2025 &#8211; in PRESENZA<\/span> <\/strong><\/h3>\n<ol>\n<li>Studio della mappa dei piedi.<\/li>\n<li>Anatomia del piede.<\/li>\n<li>Precauzioni e controindicazioni.<\/li>\n<li>Fisiologia\/funzione organi in medicina ufficiale.<\/li>\n<li>Trattamento podalico di rilassamento.<\/li>\n<li>Sistemi comparativi delle mappe.<\/li>\n<li>Analisi colonna vertebrale.<\/li>\n<li><strong>1\u00b0 metodo operativo: Diretto: punti riflessi (Fitzgerald).<\/strong><\/li>\n<li>Interpretazione del dolore.<\/li>\n<li>Preparazione al massaggio podalico.<\/li>\n<li>Tecniche di manipolazione.<\/li>\n<\/ol>\n<h3><span style=\"color: #800000;\"><strong>2\u00b0 weekend: 8 e 9 novembre 2025 &#8211; IN PRESENZA<\/strong><\/span><\/h3>\n<ol>\n<li>Linee costituzionali.<\/li>\n<li>Interpretazione punti riflessi.<\/li>\n<li><strong>Continuazione 1\u00b0 metodo operativo.<\/strong><\/li>\n<li>Strategie di indagine e di trattamento.<\/li>\n<li>Studio analitico delle zone riflesse.<\/li>\n<li>Fisiologia e applicazione sistema endocrino.<\/li>\n<li>Schemi operativi di trattamento.<\/li>\n<li>Interpretazione del dolore delle aree riflesse.<\/li>\n<li>Come scegliere il trattamento a partire da:<\/li>\n<\/ol>\n<p>a) sintomi b) punti riflessi\u00a0 c) problema dichiarato dal ricevente<\/p>\n<h3><span style=\"color: #800000;\"><strong>3\u00b0 week end: 6 e 7 dicembre 2025 &#8211; ONLINE<\/strong><\/span><\/h3>\n<ol>\n<li>Punti di emergenza.<\/li>\n<li>Sei punti del dolore.<\/li>\n<li>Piedi ed emisferi cerebrali.<\/li>\n<li>Analisi dei 5 Movimenti (medicina tradizionale cinese).<\/li>\n<li>Fisiologia\/funzione organi e visceri (Zang-FU) in MTC.<\/li>\n<li>Metodo dei CICLI: madre\/figlio \u2013 Nonno\/nipote.<\/li>\n<li>Analisi segni del piede (calli, rughe, secchezza, nei, eccetera).<\/li>\n<li>Analisi delle scelte operative.<\/li>\n<li>Periodi d\u2019origine dei segni.<\/li>\n<li><strong>2\u00b0 metodo operativo: Indiretto con MTC.<\/strong><\/li>\n<\/ol>\n<h3><span style=\"color: #800000;\"><strong>4\u00b0 week end: 10 (ONLINE) e 11 gennaio 2026 &#8211; (PRESENZA)<\/strong><\/span><\/h3>\n<ol>\n<li>Valutazione strutturale dei piedi.<\/li>\n<li><strong>Continuazione 2\u00b0 metodo operativo.<\/strong><\/li>\n<li>Indagine tattile dei piedi Yin e Yang con scelta di trattamento.<\/li>\n<li>Integrazione primo e secondo metodo operativo.<\/li>\n<li>Analisi di casi e scelte di trattamento.<\/li>\n<li>Esercizi comparativi.<\/li>\n<li>Riassunto segni podalici e applicazione.<\/li>\n<li>Valutazione delle proprie capacit\u00e0 tattili acquisite.<\/li>\n<\/ol>\n<h3><span style=\"color: #800000;\"><strong>5\u00b0 week end: 7 e 8 febbraio 2026 &#8211; (ONLINE)<\/strong><\/span><\/h3>\n<ol>\n<li><strong>3\u00b0 metodo operativo: costituzionale basato su MTC.<\/strong><\/li>\n<li>Numerazione\/conteggio segni podalici.<\/li>\n<li>Concezione dialettica Ipo\/Iper applicato all\u2019indagine.<\/li>\n<li>Esercizi di risoluzione casi clinici.<\/li>\n<li>Controindicazioni e deontologia.<\/li>\n<\/ol>\n<h3><span style=\"color: #800000;\"><strong>6\u00b0 week end: 7 e 8 marzo 2026 &#8211; IN PRESENZA<\/strong><\/span><\/h3>\n<ol>\n<li><strong>Verifica pratica:<\/strong> conoscenza delle tecniche manuale e capacit\u00e0 di applicazione.<\/li>\n<li>Verifica teorica: Mappa podalica.<\/li>\n<li>Ripasso generale.<\/li>\n<li>Esecuzioni sequenze di lavoro.<\/li>\n<li>Domande-risposte nonch\u00e9 esercizi fino ad una completa comprensione.<\/li>\n<\/ol>\n<h3><span style=\"color: #800000;\"><strong>7\u00b0 week end: 11 e 12 aprile 2026 &#8211; (in presenza)<br \/>\n<\/strong><\/span><\/h3>\n<ol>\n<li><strong>Verifica teorica:<\/strong> 5 Movimenti \u2013 I tre metodi operativi<\/li>\n<li>Completamento e organizzazione delle informazioni apprese con integrazione teorica dei vari schemi operativi.<\/li>\n<li>Consegna attestati per chi ha superato gli esami teorici e pratici.<\/li>\n<\/ol>\n<p style=\"text-align: justify;\"><span style=\"color: #ffffff;\">.<\/span><\/p>\n<h2><strong>Posizione legale della Riflessologia<\/strong><\/h2>\n<p style=\"text-align: justify;\"><a href=\"https:\/\/mentecorpo.eu\/mind\/wp-content\/uploads\/2020\/06\/legge-maartello.jpg\"><img loading=\"lazy\" decoding=\"async\" class=\"alignleft  wp-image-1221\" src=\"https:\/\/mentecorpo.eu\/mind\/wp-content\/uploads\/2020\/06\/legge-maartello.jpg\" alt=\"\" width=\"293\" height=\"187\" srcset=\"https:\/\/mentecorpo.eu\/mind\/wp-content\/uploads\/2020\/06\/legge-maartello.jpg 387w, https:\/\/mentecorpo.eu\/mind\/wp-content\/uploads\/2020\/06\/legge-maartello-300x191.jpg 300w\" sizes=\"auto, (max-width: 293px) 100vw, 293px\" \/><\/a>La Riflessologia Plantare non \u00e8 una terapia n\u00e9 \u00e8 una tecnica sovrapponibile alle metodologie sanitarie riconosciute dalla legislazione italiana n\u00e9 sostituisce eventuali terapie mediche. E&#8217; una tecnica a mediazione corporea basata su pressioni fatte sui piedi che si pone a monte del concetto di malattia, finalizzato al ripristino dell\u2019equilibrio energetico che deriva da un contatto non invasivo e rilassante. Le attestazioni consegnate dopo il periodo di frequenza hanno un valore dichiarativo di una pratica formativa, ma non attribuiscono alcuna abilitazione professionale per poter operare in ambito sanitario.<\/p>\n<h3 style=\"text-align: justify;\">Professione &#8220;Riflessologo&#8221;<\/h3>\n<p style=\"text-align: justify;\"><strong><a href=\"http:\/\/mentecorpo.eu\/mind\/wp-content\/uploads\/2017\/07\/legge-4-del-2013-1-300x149.jpg\"><img loading=\"lazy\" decoding=\"async\" width=\"300\" height=\"149\" class=\"alignright size-full wp-image-684\" src=\"http:\/\/mentecorpo.eu\/mind\/wp-content\/uploads\/2017\/07\/legge-4-del-2013-1-300x149.jpg\" alt=\"\" \/><\/a><span style=\"color: #ff0000;\">Legge N\u00b0 4 del 14 gennaio 2013<\/span><br \/>\n<\/strong>L\u201911 febbraio 2013 \u00e8 entrata in vigore la Legge n. 4 del 14 gennaio 2013 \u201cDisposizioni in materia di\u00a0professioni non organizzate\u201d. Con questa legge l\u2019attivit\u00e0 di operatore \u00e8 dalla legge definita professione e disciplinata. Questa legge permette di fare di questa dissciplina una professione.<\/p>\n<p>Per vedere la legge clicca qui: \u201c<a href=\"http:\/\/www.gazzettaufficiale.it\/eli\/id\/2013\/01\/26\/13G00021\/sg\" target=\"_blank\" rel=\"noopener noreferrer\"><strong>Legge N\u00b0 4<\/strong><\/a>\u201d. La legge n\u00b0 4 in sintesi: <a href=\"http:\/\/www.espertorisponde.ilsole24ore.com\/problema-settimana\/normativa-ad-hoc-professionisti-non-organizzati:20130506.php?refresh_ce=1\"><strong><span style=\"color: #0000ff;\">Vedi articolo<\/span><\/strong><\/a>.<\/p>\n<h2><strong><a href=\"https:\/\/mentecorpo.eu\/mind\/wp-content\/uploads\/2024\/05\/Re-scacco-diploma.jpg\"><img loading=\"lazy\" decoding=\"async\" class=\"alignleft  wp-image-1593\" src=\"https:\/\/mentecorpo.eu\/mind\/wp-content\/uploads\/2024\/05\/Re-scacco-diploma.jpg\" alt=\"\" width=\"196\" height=\"391\" srcset=\"https:\/\/mentecorpo.eu\/mind\/wp-content\/uploads\/2024\/05\/Re-scacco-diploma.jpg 242w, https:\/\/mentecorpo.eu\/mind\/wp-content\/uploads\/2024\/05\/Re-scacco-diploma-150x300.jpg 150w\" sizes=\"auto, (max-width: 196px) 100vw, 196px\" \/><\/a>Certificazione rilasciata<\/strong><\/h2>\n<p>Al termine del <strong>Corso di Riflessologia Plantare, <\/strong><strong>superato i requisiti summenzionati alla voce \u201cStrutturazione del Corso\u201d <\/strong>verr\u00e0 rilasciato un <strong>Attestato di partecipazione<\/strong> alla formazione ed \u00e8 fruibile entro le possibilit\u00e0 offerte dalla <a href=\"http:\/\/www.scuoladimassaggiotao.it\/it\/articoli-corso-di-massaggio-scuola-tao\/professione-massaggiatore\/leggi-e-normative-sul-massaggio\/legge-4-2013-per-massaggiatori\/\"><strong>Legge 4\/2013<\/strong><\/a><\/p>\n<p>Sar\u00e0 pertanto possibile farne una professione purch\u00e9 l\u2019attivit\u00e0 non rientri nell\u2019ambito sanitario o sconfini in quello fisioterapico, medico, estetico o in ambiti stabiliti per Legge da altre professioni con un proprio ordinamento riconosciuto dalla legge.<\/p>\n<h2><strong>Supporto didattico<\/strong><\/h2>\n<p style=\"text-align: justify;\">Il testo base di riferimento al metodo classico \u00e8 \u201cLa Riflessoterapia del piede \u2013 Dwight C. Byers \u2013 Ed. Mediterranee\u201d \u2013 Altri testi sono consigliati tra cui quello di Florian Cortese: <strong><a href=\"http:\/\/mentecorpo.eu\/mind\/libri\/trattato-di-medicina-e-psicologia-tradizionale-cinese\/\" target=\"_blank\" rel=\"noopener noreferrer\">Trattato di Medicina e Psicologia Tradizionale Cinese<\/a><\/strong>\u00a0 oppure <a href=\"https:\/\/www.amazon.it\/gp\/product\/1659492432?pf_rd_r=GCGPDYTARGB45XXWCES8&amp;pf_rd_p=33a234b0-b2e1-4fd7-9ea3-f5dca6c7be9c&amp;pd_rd_r=c63c0522-34e3-41a9-a02e-a942fdab21e2&amp;pd_rd_w=vE9ED&amp;pd_rd_wg=9wH1c&amp;ref_=pd_gw_unk\" target=\"_blank\" rel=\"noopener\"><strong>Psiche e Medicina Cinese<\/strong><\/a>. Il corso fornisce ai partecipanti materiale didattico riservato ai frequentanti della Scuola. La mappa del piede adottata dal corso \u00e8 di creazione esclusiva della Scuola MenteCorpo e contiene diverse integrazioni rispetto alle mappe Fitzgerald, zonale di Bighignoli o a quella creata da Les Nouvelles Estetiques.<\/p>\n<h2>Stage di specializzazione e corsi integrativi<\/h2>\n<p style=\"text-align: justify;\">La Scuola organizza degli eventi successivi alla conclusione del percorso formativo. I partecipanti al corso vengono informati di questi aggiornamenti.<\/p>\n<blockquote>\n<p style=\"text-align: justify;\"><span class=\"whole-read-more\" data-can-replace-url=\"phrase\" data-url-param-0=\"socrates-esiste-un-solo-bene-la-conoscenza-ed-un-s\" data-query=\"utm_source=internal&amp;utm_medium=link&amp;utm_campaign=phrase_snippet_wholetext\">Esiste un solo bene, la conoscenza, ed un solo male, l&#8217;ignoranza. (Socrate)<br \/>\n<\/span><\/p>\n<\/blockquote>\n<h2>Questi corsi integrativi sono i seguenti:<\/h2>\n<ol>\n<li><a href=\"http:\/\/mentecorpo.eu\/mind\/corsi\/epistemologia-delle-medicine-medicine-a-confronto-florian-cortese\/\" target=\"_blank\" rel=\"noopener noreferrer\">Epistemologie delle medicine<\/a><\/li>\n<li><a href=\"http:\/\/mentecorpo.eu\/mind\/corsi\/linfodrenaggio\/\" target=\"_blank\" rel=\"noopener noreferrer\">Linfodrenaggio<\/a><\/li>\n<li><a href=\"http:\/\/mentecorpo.eu\/mind\/corsi\/miofasciale-massaggio-rilassante-antistress\/\" target=\"_blank\" rel=\"noopener noreferrer\">Massaggio Miofasciale<\/a><\/li>\n<li><a href=\"http:\/\/mentecorpo.eu\/mind\/corsi\/corso-riassetto-artro-tendino-muscolare-osteopatia-tiraossi-chiropratica-mentecorpo-florian-cortese\/\" target=\"_blank\" rel=\"noopener noreferrer\">RATM (Riassetto artro tendino muscolare<\/a><\/li>\n<li><a href=\"https:\/\/mentecorpo.eu\/mind\/corsi\/moxa-digitopressione-medicina-cinese\/\" target=\"_blank\" rel=\"noopener noreferrer\">Corso di Moxa<\/a><\/li>\n<li><a href=\"http:\/\/mentecorpo.eu\/mind\/corsi\/corso-digitopressione-agopuntura-manuale-florian-cortese-eliminare-dolore-con-pressione-delle-dita\/\" target=\"_blank\" rel=\"noopener noreferrer\">Digitopressione<\/a><\/li>\n<li><a href=\"http:\/\/www.strategiedellamente.it\/linguaggio-della-malattia-psicosomatica-analogica-medicina-psicologia-tradizionale-cinese\/\" target=\"_blank\" rel=\"noopener noreferrer\">Linguaggio della malattia<\/a><\/li>\n<li><a href=\"http:\/\/www.strategiedellamente.it\/comunicazione-vincente\/\">Comunicazione efficace <\/a><\/li>\n<li><a href=\"http:\/\/www.strategiedellamente.it\/intelligenza-emotiva\/\" target=\"_blank\" rel=\"noopener noreferrer\">Intelligenza emotiva<\/a><\/li>\n<li><a href=\"http:\/\/mentecorpo.eu\/mind\/corsi\/massaggio-sportivo-trattamenti-per-atleti-pre-e-post-attivita\/\" target=\"_blank\" rel=\"noopener noreferrer\">Massaggio sportivo<\/a><\/li>\n<li><a href=\"http:\/\/mentecorpo.eu\/mind\/corsi\/autogestione-salute-idroterapia-cataplasma-impacchi-kneip-costacurta-tecniche-naturali-argilla-pediluvi\/\" target=\"_blank\" rel=\"noopener noreferrer\">Autogestione della salute con le tecniche naturali<\/a><\/li>\n<\/ol>\n<a class=\"cubik\" href=\"\/mind\/eventi\/\"><div><span class=\"titolone\">Date del corso<\/span><br \/><span class=\"sottotitolo\">Scopri le date del corso e di tutti i nostri eventi<\/span><\/div><\/a>\n<h2 style=\"text-align: justify;\"><strong>Luogo si svolgimento<br \/>\n<\/strong><\/h2>\n<p style=\"text-align: justify;\">Studio 13 &#8211; Montebelluna (TV)<\/p>\n<h2><strong>Costi<br \/>\n<\/strong><\/h2>\n<p>Il pagamento verr\u00e0 richiesto uno stage alla volta e NON in un unico versamento, con la possibilit\u00e0 di non dover pagare ulteriori rate in caso di interruzione del percorso.<\/p>\n<p>La quota per ogni singolo STAGE\u00a0 \u00e8 pari a <strong>165<\/strong> euro.<\/p>\n<a class=\"cubik\" href=\"\/mind\/eventi\/\"><div><span class=\"titolone\">Date del corso<\/span><br \/><span class=\"sottotitolo\">Scopri le date del corso e di tutti i nostri eventi<\/span><\/div><\/a>\n<h3><strong>Ci trovi anche su<\/strong> <a href=\"https:\/\/www.facebook.com\/mentecorposhiatsu\" target=\"_blank\" rel=\"noopener noreferrer\"><img loading=\"lazy\" decoding=\"async\" class=\" wp-image-296 alignnone\" src=\"http:\/\/mentecorpo.eu\/mind\/wp-content\/uploads\/2015\/07\/logo-facebook-logo.jpg\" alt=\"logo facebook-logo\" width=\"89\" height=\"30\" srcset=\"https:\/\/mentecorpo.eu\/mind\/wp-content\/uploads\/2015\/07\/logo-facebook-logo.jpg 550w, https:\/\/mentecorpo.eu\/mind\/wp-content\/uploads\/2015\/07\/logo-facebook-logo-300x101.jpg 300w\" sizes=\"auto, (max-width: 89px) 100vw, 89px\" \/><\/a><\/h3>\n","protected":false},"excerpt":{"rendered":"<p>Organizzazione didattica La Scuola MenteCorpo adotta una didattica che si fonda su pi\u00f9 orizzonti teorici: quello classico, Fitzgerald (riflesso\/diretto) e altri basati sulla Medicina Tradizionale Cinese. Avere pi\u00f9 sistemi di interpretazione permette di ampliare la conoscenza e risolvere pi\u00f9 problemi essendo il Riflessologo in possesso di strategie operative con un maggior raggio di azione. In [&hellip;]<\/p>\n","protected":false},"author":1,"featured_media":1223,"parent":19,"menu_order":2,"comment_status":"closed","ping_status":"open","template":"","meta":{"footnotes":""},"class_list":["post-98","page","type-page","status-publish","has-post-thumbnail","hentry"],"_links":{"self":[{"href":"https:\/\/mentecorpo.eu\/mind\/wp-json\/wp\/v2\/pages\/98","targetHints":{"allow":["GET"]}}],"collection":[{"href":"https:\/\/mentecorpo.eu\/mind\/wp-json\/wp\/v2\/pages"}],"about":[{"href":"https:\/\/mentecorpo.eu\/mind\/wp-json\/wp\/v2\/types\/page"}],"author":[{"embeddable":true,"href":"https:\/\/mentecorpo.eu\/mind\/wp-json\/wp\/v2\/users\/1"}],"replies":[{"embeddable":true,"href":"https:\/\/mentecorpo.eu\/mind\/wp-json\/wp\/v2\/comments?post=98"}],"version-history":[{"count":63,"href":"https:\/\/mentecorpo.eu\/mind\/wp-json\/wp\/v2\/pages\/98\/revisions"}],"predecessor-version":[{"id":1630,"href":"https:\/\/mentecorpo.eu\/mind\/wp-json\/wp\/v2\/pages\/98\/revisions\/1630"}],"up":[{"embeddable":true,"href":"https:\/\/mentecorpo.eu\/mind\/wp-json\/wp\/v2\/pages\/19"}],"wp:featuredmedia":[{"embeddable":true,"href":"https:\/\/mentecorpo.eu\/mind\/wp-json\/wp\/v2\/media\/1223"}],"wp:attachment":[{"href":"https:\/\/mentecorpo.eu\/mind\/wp-json\/wp\/v2\/media?parent=98"}],"curies":[{"name":"wp","href":"https:\/\/api.w.org\/{rel}","templated":true}]}}